{"id":117,"date":"2022-02-24T11:59:06","date_gmt":"2022-02-24T11:59:06","guid":{"rendered":"https:\/\/rar-studio.com\/?page_id=117"},"modified":"2024-07-28T23:46:51","modified_gmt":"2024-07-28T23:46:51","slug":"home","status":"publish","type":"page","link":"https:\/\/rar-studio.com\/pt-pt\/","title":{"rendered":"Home"},"content":{"rendered":"","protected":false},"excerpt":{"rendered":"","protected":false},"author":2,"featured_media":0,"parent":0,"menu_order":0,"comment_status":"closed","ping_status":"closed","template":"","meta":{"_acf_changed":false,"footnotes":""},"class_list":["post-117","page","type-page","status-publish","hentry"],"acf":[],"yoast_head":"<!-- This site is optimized with the Yoast SEO plugin v27.4 - https:\/\/yoast.com\/product\/yoast-seo-wordpress\/ -->\n<title>RAR.STUDIO<\/title>\n<meta name=\"description\" content=\"RAR.STUDIO \u00e9 um est\u00fadio de arquitectura, fundado por Rita Aguiar Rodrigues em 2015, que opera sobre a produ\u00e7\u00e3o de lugares e objectos, investiga\u00e7\u00e3o e pensamento cr\u00edtico.\" \/>\n<meta name=\"robots\" content=\"index, follow, max-snippet:-1, max-image-preview:large, max-video-preview:-1\" \/>\n<link rel=\"canonical\" href=\"https:\/\/rar-studio.com\/pt-pt\/\" \/>\n<meta property=\"og:locale\" content=\"pt_PT\" \/>\n<meta property=\"og:type\" content=\"article\" \/>\n<meta property=\"og:title\" content=\"RAR.STUDIO\" \/>\n<meta property=\"og:description\" content=\"Rita Aguiar Rodrigues . Studio\" \/>\n<meta property=\"og:url\" content=\"https:\/\/rar-studio.com\/pt-pt\/\" \/>\n<meta property=\"og:site_name\" content=\"RAR.STUDIO\" \/>\n<meta property=\"article:modified_time\" content=\"2024-07-28T23:46:51+00:00\" \/>\n<meta property=\"og:image\" content=\"https:\/\/rar-studio.com\/wp-content\/uploads\/2022\/03\/rar-studio-facebook.png\" \/>\n\t<meta property=\"og:image:width\" content=\"1200\" \/>\n\t<meta property=\"og:image:height\" content=\"630\" \/>\n\t<meta property=\"og:image:type\" content=\"image\/png\" \/>\n<meta name=\"twitter:card\" content=\"summary_large_image\" \/>\n<script type=\"application\/ld+json\" class=\"yoast-schema-graph\">{\"@context\":\"https:\\\/\\\/schema.org\",\"@graph\":[{\"@type\":\"WebPage\",\"@id\":\"https:\\\/\\\/rar-studio.com\\\/pt-pt\\\/\",\"url\":\"https:\\\/\\\/rar-studio.com\\\/pt-pt\\\/\",\"name\":\"RAR.STUDIO\",\"isPartOf\":{\"@id\":\"https:\\\/\\\/rar-studio.com\\\/pt-pt\\\/#website\"},\"datePublished\":\"2022-02-24T11:59:06+00:00\",\"dateModified\":\"2024-07-28T23:46:51+00:00\",\"description\":\"RAR.STUDIO \u00e9 um est\u00fadio de arquitectura, fundado por Rita Aguiar Rodrigues em 2015, que opera sobre a produ\u00e7\u00e3o de lugares e objectos, investiga\u00e7\u00e3o e pensamento cr\u00edtico.\",\"breadcrumb\":{\"@id\":\"https:\\\/\\\/rar-studio.com\\\/pt-pt\\\/#breadcrumb\"},\"inLanguage\":\"pt-PT\",\"potentialAction\":[{\"@type\":\"ReadAction\",\"target\":[\"https:\\\/\\\/rar-studio.com\\\/pt-pt\\\/\"]}]},{\"@type\":\"BreadcrumbList\",\"@id\":\"https:\\\/\\\/rar-studio.com\\\/pt-pt\\\/#breadcrumb\",\"itemListElement\":[{\"@type\":\"ListItem\",\"position\":1,\"name\":\"Home\",\"item\":\"https:\\\/\\\/rar-studio.com\\\/pt-pt\\\/\"},{\"@type\":\"ListItem\",\"position\":2,\"name\":\"Home\"}]},{\"@type\":\"WebSite\",\"@id\":\"https:\\\/\\\/rar-studio.com\\\/pt-pt\\\/#website\",\"url\":\"https:\\\/\\\/rar-studio.com\\\/pt-pt\\\/\",\"name\":\"RAR.STUDIO\",\"description\":\"Rita Aguiar Rodrigues . Studio\",\"publisher\":{\"@id\":\"https:\\\/\\\/rar-studio.com\\\/pt-pt\\\/#organization\"},\"potentialAction\":[{\"@type\":\"SearchAction\",\"target\":{\"@type\":\"EntryPoint\",\"urlTemplate\":\"https:\\\/\\\/rar-studio.com\\\/pt-pt\\\/?s={search_term_string}\"},\"query-input\":{\"@type\":\"PropertyValueSpecification\",\"valueRequired\":true,\"valueName\":\"search_term_string\"}}],\"inLanguage\":\"pt-PT\"},{\"@type\":\"Organization\",\"@id\":\"https:\\\/\\\/rar-studio.com\\\/pt-pt\\\/#organization\",\"name\":\"RAR.STUDIO\",\"url\":\"https:\\\/\\\/rar-studio.com\\\/pt-pt\\\/\",\"logo\":{\"@type\":\"ImageObject\",\"inLanguage\":\"pt-PT\",\"@id\":\"https:\\\/\\\/rar-studio.com\\\/pt-pt\\\/#\\\/schema\\\/logo\\\/image\\\/\",\"url\":\"https:\\\/\\\/rar-studio.com\\\/wp-content\\\/uploads\\\/2022\\\/03\\\/rar-studio-favico.png\",\"contentUrl\":\"https:\\\/\\\/rar-studio.com\\\/wp-content\\\/uploads\\\/2022\\\/03\\\/rar-studio-favico.png\",\"width\":734,\"height\":734,\"caption\":\"RAR.STUDIO\"},\"image\":{\"@id\":\"https:\\\/\\\/rar-studio.com\\\/pt-pt\\\/#\\\/schema\\\/logo\\\/image\\\/\"}}]}<\/script>\n<!-- \/ Yoast SEO plugin. -->","yoast_head_json":{"title":"RAR.STUDIO","description":"RAR.STUDIO \u00e9 um est\u00fadio de arquitectura, fundado por Rita Aguiar Rodrigues em 2015, que opera sobre a produ\u00e7\u00e3o de lugares e objectos, investiga\u00e7\u00e3o e pensamento cr\u00edtico.","robots":{"index":"index","follow":"follow","max-snippet":"max-snippet:-1","max-image-preview":"max-image-preview:large","max-video-preview":"max-video-preview:-1"},"canonical":"https:\/\/rar-studio.com\/pt-pt\/","og_locale":"pt_PT","og_type":"article","og_title":"RAR.STUDIO","og_description":"Rita Aguiar Rodrigues . Studio","og_url":"https:\/\/rar-studio.com\/pt-pt\/","og_site_name":"RAR.STUDIO","article_modified_time":"2024-07-28T23:46:51+00:00","og_image":[{"width":1200,"height":630,"url":"https:\/\/rar-studio.com\/wp-content\/uploads\/2022\/03\/rar-studio-facebook.png","type":"image\/png"}],"twitter_card":"summary_large_image","schema":{"@context":"https:\/\/schema.org","@graph":[{"@type":"WebPage","@id":"https:\/\/rar-studio.com\/pt-pt\/","url":"https:\/\/rar-studio.com\/pt-pt\/","name":"RAR.STUDIO","isPartOf":{"@id":"https:\/\/rar-studio.com\/pt-pt\/#website"},"datePublished":"2022-02-24T11:59:06+00:00","dateModified":"2024-07-28T23:46:51+00:00","description":"RAR.STUDIO \u00e9 um est\u00fadio de arquitectura, fundado por Rita Aguiar Rodrigues em 2015, que opera sobre a produ\u00e7\u00e3o de lugares e objectos, investiga\u00e7\u00e3o e pensamento cr\u00edtico.","breadcrumb":{"@id":"https:\/\/rar-studio.com\/pt-pt\/#breadcrumb"},"inLanguage":"pt-PT","potentialAction":[{"@type":"ReadAction","target":["https:\/\/rar-studio.com\/pt-pt\/"]}]},{"@type":"BreadcrumbList","@id":"https:\/\/rar-studio.com\/pt-pt\/#breadcrumb","itemListElement":[{"@type":"ListItem","position":1,"name":"Home","item":"https:\/\/rar-studio.com\/pt-pt\/"},{"@type":"ListItem","position":2,"name":"Home"}]},{"@type":"WebSite","@id":"https:\/\/rar-studio.com\/pt-pt\/#website","url":"https:\/\/rar-studio.com\/pt-pt\/","name":"RAR.STUDIO","description":"Rita Aguiar Rodrigues . Studio","publisher":{"@id":"https:\/\/rar-studio.com\/pt-pt\/#organization"},"potentialAction":[{"@type":"SearchAction","target":{"@type":"EntryPoint","urlTemplate":"https:\/\/rar-studio.com\/pt-pt\/?s={search_term_string}"},"query-input":{"@type":"PropertyValueSpecification","valueRequired":true,"valueName":"search_term_string"}}],"inLanguage":"pt-PT"},{"@type":"Organization","@id":"https:\/\/rar-studio.com\/pt-pt\/#organization","name":"RAR.STUDIO","url":"https:\/\/rar-studio.com\/pt-pt\/","logo":{"@type":"ImageObject","inLanguage":"pt-PT","@id":"https:\/\/rar-studio.com\/pt-pt\/#\/schema\/logo\/image\/","url":"https:\/\/rar-studio.com\/wp-content\/uploads\/2022\/03\/rar-studio-favico.png","contentUrl":"https:\/\/rar-studio.com\/wp-content\/uploads\/2022\/03\/rar-studio-favico.png","width":734,"height":734,"caption":"RAR.STUDIO"},"image":{"@id":"https:\/\/rar-studio.com\/pt-pt\/#\/schema\/logo\/image\/"}}]}},"_links":{"self":[{"href":"https:\/\/rar-studio.com\/pt-pt\/wp-json\/wp\/v2\/pages\/117","targetHints":{"allow":["GET"]}}],"collection":[{"href":"https:\/\/rar-studio.com\/pt-pt\/wp-json\/wp\/v2\/pages"}],"about":[{"href":"https:\/\/rar-studio.com\/pt-pt\/wp-json\/wp\/v2\/types\/page"}],"author":[{"embeddable":true,"href":"https:\/\/rar-studio.com\/pt-pt\/wp-json\/wp\/v2\/users\/2"}],"replies":[{"embeddable":true,"href":"https:\/\/rar-studio.com\/pt-pt\/wp-json\/wp\/v2\/comments?post=117"}],"version-history":[{"count":40,"href":"https:\/\/rar-studio.com\/pt-pt\/wp-json\/wp\/v2\/pages\/117\/revisions"}],"predecessor-version":[{"id":2127,"href":"https:\/\/rar-studio.com\/pt-pt\/wp-json\/wp\/v2\/pages\/117\/revisions\/2127"}],"wp:attachment":[{"href":"https:\/\/rar-studio.com\/pt-pt\/wp-json\/wp\/v2\/media?parent=117"}],"curies":[{"name":"wp","href":"https:\/\/api.w.org\/{rel}","templated":true}]}}